{"id":12662,"date":"2025-08-16T21:34:33","date_gmt":"2025-08-16T21:34:33","guid":{"rendered":"https:\/\/theloomsuiteshuatulco.com\/?page_id=12662"},"modified":"2025-08-17T23:11:11","modified_gmt":"2025-08-17T23:11:11","slug":"preguntas-frecuentes","status":"publish","type":"page","link":"https:\/\/theloomsuiteshuatulco.com\/en\/preguntas-frecuentes\/","title":{"rendered":"Preguntas Frecuentes"},"content":{"rendered":"<div data-elementor-type=\"wp-page\" data-elementor-id=\"12662\" class=\"elementor elementor-12662\">\n\t\t\t\t<div class=\"elementor-element elementor-element-f7c7169 e-con-full e-flex e-con e-parent\" data-id=\"f7c7169\" data-element_type=\"container\" data-settings=\"{&quot;background_background&quot;:&quot;classic&quot;}\">\n\t\t\t\t<\/div>\n\t\t<div class=\"elementor-element elementor-element-c9a5e6e e-flex e-con-boxed e-con e-parent\" data-id=\"c9a5e6e\" data-element_type=\"container\">\n\t\t\t\t\t<div class=\"e-con-inner\">\n\t\t\t\t<div class=\"elementor-element elementor-element-fac835a elementor-widget__width-auto elementor-widget elementor-widget-wp-widget-carsten_core_title_widget\" data-id=\"fac835a\" data-element_type=\"widget\" data-widget_type=\"wp-widget-carsten_core_title_widget.default\">\n\t\t\t\t<div class=\"elementor-widget-container\">\n\t\t\t\t\t\t\t\t\t\t\t\t<h1 class=\"qodef-widget-title\" >\n\t\t\t\tPreguntas Frecuentes\t\t\t\t<\/h1>\n\t\t\t\t\t\t\t\t\t\t<\/div>\n\t\t\t\t<\/div>\n\t\t\t\t\t<\/div>\n\t\t\t\t<\/div>\n\t\t<div class=\"elementor-element elementor-element-638779f e-con-full e-flex e-con e-parent\" data-id=\"638779f\" data-element_type=\"container\">\n\t\t<div class=\"elementor-element elementor-element-bb2b35d e-con-full qodef-elementor-content-grid e-flex e-con e-child\" data-id=\"bb2b35d\" data-element_type=\"container\">\n\t\t<div class=\"elementor-element elementor-element-cfe784b e-con-full e-flex e-con e-child\" data-id=\"cfe784b\" data-element_type=\"container\">\n\t\t\t\t<div class=\"elementor-element elementor-element-088b803 elementor-widget elementor-widget-carsten_core_single_image\" data-id=\"088b803\" data-element_type=\"widget\" data-widget_type=\"carsten_core_single_image.default\">\n\t\t\t\t<div class=\"elementor-widget-container\">\n\t\t\t\t\t<div class=\"qodef-shortcode qodef-m qodef-single-image qodef-layout--default\"  >\n\t\t\t<div class=\"qodef-m-image\">\n\t\t\t\t\t\t\t\t<div class=\"qodef-m-image-inner-holder\">\n\t\t\t\t\t\t<div class=\"qodef-m-image-inner\">\n\t\t\t\t\t\t\t<img fetchpriority=\"high\" decoding=\"async\" width=\"2560\" height=\"1707\" src=\"https:\/\/theloomsuiteshuatulco.com\/wp-content\/uploads\/2025\/08\/1247-scaled.jpg\" class=\"attachment-full size-full\" alt=\"\" srcset=\"https:\/\/theloomsuiteshuatulco.com\/wp-content\/uploads\/2025\/08\/1247-scaled.jpg 2560w, https:\/\/theloomsuiteshuatulco.com\/wp-content\/uploads\/2025\/08\/1247-scaled-600x400.jpg 600w, https:\/\/theloomsuiteshuatulco.com\/wp-content\/uploads\/2025\/08\/1247-300x200.jpg 300w, https:\/\/theloomsuiteshuatulco.com\/wp-content\/uploads\/2025\/08\/1247-1024x683.jpg 1024w, https:\/\/theloomsuiteshuatulco.com\/wp-content\/uploads\/2025\/08\/1247-768x512.jpg 768w, https:\/\/theloomsuiteshuatulco.com\/wp-content\/uploads\/2025\/08\/1247-1536x1024.jpg 1536w, https:\/\/theloomsuiteshuatulco.com\/wp-content\/uploads\/2025\/08\/1247-2048x1365.jpg 2048w\" sizes=\"(max-width: 2560px) 100vw, 2560px\" \/>\t\t\t\t\t\t<\/div>\n\t\t\t\t\t<\/div>\n\t\t\t\t\t\t\t<\/div>\n\t<\/div>\n\t\t\t\t<\/div>\n\t\t\t\t<\/div>\n\t\t\t\t<div class=\"elementor-element elementor-element-160afa3 elementor-widget elementor-widget-carsten_core_section_title\" data-id=\"160afa3\" data-element_type=\"widget\" data-widget_type=\"carsten_core_section_title.default\">\n\t\t\t\t<div class=\"elementor-widget-container\">\n\t\t\t\t\t<div class=\"qodef-shortcode qodef-m qodef-section-title qodef-alignment--left\">\n\t\t<h5 class=\"qodef-m-title\" style=\"color: #091733\">\n\t\t\t\t\tInfo desk\t\t\t<\/h5>\n\t\t\t<p class=\"qodef-m-text\" style=\"margin-top: 7px\">Uidem nunc at hic occidas quo minim wisi si est triduo dolore mulier. Diam partibus.<\/p>\n<\/div>\n\t\t\t\t<\/div>\n\t\t\t\t<\/div>\n\t\t\t\t<div class=\"elementor-element elementor-element-e4411c0 elementor-widget elementor-widget-carsten_core_section_title\" data-id=\"e4411c0\" data-element_type=\"widget\" data-widget_type=\"carsten_core_section_title.default\">\n\t\t\t\t<div class=\"elementor-widget-container\">\n\t\t\t\t\t<div class=\"qodef-shortcode qodef-m qodef-section-title qodef-alignment--left\">\n\t\t<h5 class=\"qodef-m-title\" style=\"color: #091733\">\n\t\t\t\t\tManagement\t\t\t<\/h5>\n\t\t\t<p class=\"qodef-m-text\" style=\"margin-top: 7px\">Uidem nunc at hic occidas quo minim wisi si est triduo dolore mulier. Diam partibus.<\/p>\n<\/div>\n\t\t\t\t<\/div>\n\t\t\t\t<\/div>\n\t\t\t\t<\/div>\n\t\t<div class=\"elementor-element elementor-element-9c085fc e-con-full e-flex e-con e-child\" data-id=\"9c085fc\" data-element_type=\"container\">\n\t\t\t\t<div class=\"elementor-element elementor-element-e4aba5d elementor-widget elementor-widget-carsten_core_accordion\" data-id=\"e4aba5d\" data-element_type=\"widget\" data-widget_type=\"carsten_core_accordion.default\">\n\t\t\t\t<div class=\"elementor-widget-container\">\n\t\t\t\t\t<div class=\"qodef-shortcode qodef-m qodef-accordion clear qodef-behavior--accordion qodef-layout--simple\">\n\t<h3 class=\"qodef-accordion-title\">\n\t<span class=\"qodef-tab-title\">\u00bfC\u00f3mo reservo?<\/span>\n\t<span class=\"qodef-accordion-mark\">\n\t\t<span class=\"qodef-icon--plus\"><\/span>\n\t\t<span class=\"qodef-icon--minus\"><\/span>\n\t<\/span>\n<\/h3>\n<div class=\"qodef-accordion-content\">\n\t<div class=\"qodef-accordion-content-inner\">\n\t\t<p><span style=\"font-weight: 400;\">Directamente aqu\u00ed en nuestra web, por correo a\u00a0reservas@theloomsuiteshuatulco.com\u00a0o v\u00eda WhatsApp.<\/span><\/p>\t<\/div>\n<\/div>\n<h3 class=\"qodef-accordion-title\">\n\t<span class=\"qodef-tab-title\">\u00bfD\u00f3nde est\u00e1n ubicadas las suites?<\/span>\n\t<span class=\"qodef-accordion-mark\">\n\t\t<span class=\"qodef-icon--plus\"><\/span>\n\t\t<span class=\"qodef-icon--minus\"><\/span>\n\t<\/span>\n<\/h3>\n<div class=\"qodef-accordion-content\">\n\t<div class=\"qodef-accordion-content-inner\">\n\t\t<p><span style=\"font-weight: 400;\">En The Loom, Bah\u00edas de Huatulco, a 10 min caminando de Playa Santa Cruz y La Crucecita.<\/span><\/p>\t<\/div>\n<\/div>\n<h3 class=\"qodef-accordion-title\">\n\t<span class=\"qodef-tab-title\">Check-in y check-out<\/span>\n\t<span class=\"qodef-accordion-mark\">\n\t\t<span class=\"qodef-icon--plus\"><\/span>\n\t\t<span class=\"qodef-icon--minus\"><\/span>\n\t<\/span>\n<\/h3>\n<div class=\"qodef-accordion-content\">\n\t<div class=\"qodef-accordion-content-inner\">\n\t\t<p><span style=\"font-weight: 400;\">\u2022 Check-in: 3:00 p.m.<\/span><span style=\"font-weight: 400;\"><br \/><\/span><span style=\"font-weight: 400;\">\u2022 Check-out: 11:00 a.m.<\/span><span style=\"font-weight: 400;\"><br \/><\/span><i><span style=\"font-weight: 400;\">Horarios especiales sujetos a disponibilidad.<\/span><\/i><\/p>\t<\/div>\n<\/div>\n<h3 class=\"qodef-accordion-title\">\n\t<span class=\"qodef-tab-title\">\u00bfHay estacionamiento?<\/span>\n\t<span class=\"qodef-accordion-mark\">\n\t\t<span class=\"qodef-icon--plus\"><\/span>\n\t\t<span class=\"qodef-icon--minus\"><\/span>\n\t<\/span>\n<\/h3>\n<div class=\"qodef-accordion-content\">\n\t<div class=\"qodef-accordion-content-inner\">\n\t\t<p><span style=\"font-weight: 400;\">En este momento no, pero pronto estar\u00e1 disponible. Por ahora te ayudamos con opciones cercanas y seguras para que tu llegada sea sin complicaciones.<\/span><\/p>\t<\/div>\n<\/div>\n<h3 class=\"qodef-accordion-title\">\n\t<span class=\"qodef-tab-title\">\u00bfIncluyen limpieza?<\/span>\n\t<span class=\"qodef-accordion-mark\">\n\t\t<span class=\"qodef-icon--plus\"><\/span>\n\t\t<span class=\"qodef-icon--minus\"><\/span>\n\t<\/span>\n<\/h3>\n<div class=\"qodef-accordion-content\">\n\t<div class=\"qodef-accordion-content-inner\">\n\t\t<p><span style=\"font-weight: 400;\">Una limpieza semanal en estancias largas. Extra con costo adicional.<\/span><\/p>\t<\/div>\n<\/div>\n<h3 class=\"qodef-accordion-title\">\n\t<span class=\"qodef-tab-title\">\u00bfAceptan mascotas?<\/span>\n\t<span class=\"qodef-accordion-mark\">\n\t\t<span class=\"qodef-icon--plus\"><\/span>\n\t\t<span class=\"qodef-icon--minus\"><\/span>\n\t<\/span>\n<\/h3>\n<div class=\"qodef-accordion-content\">\n\t<div class=\"qodef-accordion-content-inner\">\n\t\t<p>No.<\/p>\t<\/div>\n<\/div>\n<h3 class=\"qodef-accordion-title\">\n\t<span class=\"qodef-tab-title\">\u00bfCu\u00e1l es su pol\u00edtica de cancelaci\u00f3n?<\/span>\n\t<span class=\"qodef-accordion-mark\">\n\t\t<span class=\"qodef-icon--plus\"><\/span>\n\t\t<span class=\"qodef-icon--minus\"><\/span>\n\t<\/span>\n<\/h3>\n<div class=\"qodef-accordion-content\">\n\t<div class=\"qodef-accordion-content-inner\">\n\t\t<p><span style=\"font-weight: 400;\">\u2022 +30 d\u00edas: reembolso total<\/span><span style=\"font-weight: 400;\"><br \/><\/span><span style=\"font-weight: 400;\">\u2022 15-30 d\u00edas: 50%<\/span><span style=\"font-weight: 400;\"><br \/><\/span><span style=\"font-weight: 400;\">\u2022 &lt;15 d\u00edas: no reembolsable<\/span><\/p>\t<\/div>\n<\/div>\n<h3 class=\"qodef-accordion-title\">\n\t<span class=\"qodef-tab-title\">\u00bfPueden ayudarme con tours y traslados?<\/span>\n\t<span class=\"qodef-accordion-mark\">\n\t\t<span class=\"qodef-icon--plus\"><\/span>\n\t\t<span class=\"qodef-icon--minus\"><\/span>\n\t<\/span>\n<\/h3>\n<div class=\"qodef-accordion-content\">\n\t<div class=\"qodef-accordion-content-inner\">\n\t\t<p><span style=\"font-weight: 400;\">\u00a1Claro! Nuestro equipo puede organizar experiencias locales exclusivas.<\/span><\/p>\t<\/div>\n<\/div>\n<\/div>\n\t\t\t\t<\/div>\n\t\t\t\t<\/div>\n\t\t\t\t<\/div>\n\t\t\t\t<\/div>\n\t\t\t\t<\/div>\n\t\t\t\t<\/div>","protected":false},"excerpt":{"rendered":"<p>Info desk Uidem nunc at hic occidas quo minim wisi si est triduo dolore mulier. Diam partibus. Management Uidem nunc at hic occidas quo minim wisi si est triduo dolore mulier. Diam partibus. \u00bfC\u00f3mo reservo? Directamente aqu\u00ed en nuestra web, por correo a\u00a0reservas@theloomsuiteshuatulco.com\u00a0o v\u00eda WhatsApp. \u00bfD\u00f3nde est\u00e1n ubicadas las suites? En The Loom, Bah\u00edas de [&hellip;]<\/p>","protected":false},"author":1,"featured_media":0,"parent":0,"menu_order":0,"comment_status":"closed","ping_status":"closed","template":"page-full-width.php","meta":{"footnotes":""},"class_list":["post-12662","page","type-page","status-publish","hentry"],"_links":{"self":[{"href":"https:\/\/theloomsuiteshuatulco.com\/en\/wp-json\/wp\/v2\/pages\/12662","targetHints":{"allow":["GET"]}}],"collection":[{"href":"https:\/\/theloomsuiteshuatulco.com\/en\/wp-json\/wp\/v2\/pages"}],"about":[{"href":"https:\/\/theloomsuiteshuatulco.com\/en\/wp-json\/wp\/v2\/types\/page"}],"author":[{"embeddable":true,"href":"https:\/\/theloomsuiteshuatulco.com\/en\/wp-json\/wp\/v2\/users\/1"}],"replies":[{"embeddable":true,"href":"https:\/\/theloomsuiteshuatulco.com\/en\/wp-json\/wp\/v2\/comments?post=12662"}],"version-history":[{"count":0,"href":"https:\/\/theloomsuiteshuatulco.com\/en\/wp-json\/wp\/v2\/pages\/12662\/revisions"}],"wp:attachment":[{"href":"https:\/\/theloomsuiteshuatulco.com\/en\/wp-json\/wp\/v2\/media?parent=12662"}],"curies":[{"name":"wp","href":"https:\/\/api.w.org\/{rel}","templated":true}]}}