{"id":12682,"date":"2025-08-16T22:10:43","date_gmt":"2025-08-16T22:10:43","guid":{"rendered":"https:\/\/theloomsuiteshuatulco.com\/?page_id=12682"},"modified":"2025-08-19T13:44:23","modified_gmt":"2025-08-19T13:44:23","slug":"suites","status":"publish","type":"page","link":"https:\/\/theloomsuiteshuatulco.com\/en\/suites\/","title":{"rendered":"Nuestras Suites"},"content":{"rendered":"<div data-elementor-type=\"wp-page\" data-elementor-id=\"12682\" class=\"elementor elementor-12682\">\n\t\t\t\t<div class=\"elementor-element elementor-element-a2a0136 e-flex e-con-boxed e-con e-parent\" data-id=\"a2a0136\" data-element_type=\"container\">\n\t\t\t\t\t<div class=\"e-con-inner\">\n\t\t\t\t<div class=\"elementor-element elementor-element-cd341c9 elementor-widget elementor-widget-text-editor\" data-id=\"cd341c9\" data-element_type=\"widget\" data-widget_type=\"text-editor.default\">\n\t\t\t\t\t\t\t\t\t<h5><span style=\"font-weight: 400;\">En\u00a0<\/span><b>The Loom Suites Huatulco<\/b><span style=\"font-weight: 400;\">, hemos creado tres espacios boutique, cada uno con identidad propia.<\/span><span style=\"font-weight: 400;\"><br \/><\/span><b><em>Kaia<\/em>, <em>Lumah<\/em> y <em>Amanai<\/em><\/b><span style=\"font-weight: 400;\">\u00a0combinan dise\u00f1o contempor\u00e1neo, funcionalidad y calidez, adapt\u00e1ndose a tu estilo de viaje: desde una escapada \u00edntima en pareja hasta estancias familiares inolvidables.<\/span><\/h5>\t\t\t\t\t\t\t\t<\/div>\n\t\t\t\t\t<\/div>\n\t\t\t\t<\/div>\n\t\t<div class=\"elementor-element elementor-element-5267d65 e-flex e-con-boxed e-con e-parent\" data-id=\"5267d65\" data-element_type=\"container\">\n\t\t\t\t\t<div class=\"e-con-inner\">\n\t\t\t\t<div class=\"elementor-element elementor-element-7992fb5 elementor-widget elementor-widget-carsten_core_separator\" data-id=\"7992fb5\" data-element_type=\"widget\" data-widget_type=\"carsten_core_separator.default\">\n\t\t\t\t<div class=\"elementor-widget-container\">\n\t\t\t\t\t<div class=\"qodef-shortcode qodef-m qodef-separator clear qodef-show--yes qodef--has-appear qodef-show-1600--yes qodef-show-1512--yes qodef-show-1368--yes qodef-show-1200--yes qodef-show-1024--yes qodef-show-880--yes qodef-show-680--yes\">\n\t<div class=\"qodef-m-line\" ><\/div>\n<\/div>\n\t\t\t\t<\/div>\n\t\t\t\t<\/div>\n\t\t\t\t\t<\/div>\n\t\t\t\t<\/div>\n\t\t<div class=\"elementor-element elementor-element-3194aed e-con-full e-flex e-con e-parent\" data-id=\"3194aed\" data-element_type=\"container\">\n\t\t<div class=\"elementor-element elementor-element-7fc7f8d e-con-full e-flex e-con e-child\" data-id=\"7fc7f8d\" data-element_type=\"container\">\n\t\t\t\t<div class=\"elementor-element elementor-element-fcff665 elementor-widget elementor-widget-carsten_core_room_list\" data-id=\"fcff665\" data-element_type=\"widget\" data-widget_type=\"carsten_core_room_list.default\">\n\t\t\t\t<div class=\"elementor-widget-container\">\n\t\t\t\t\t<div class=\"qodef-shortcode qodef-m qodef-room-list qodef-item-layout--standard qodef-enable-border qodef-grid qodef-layout--columns qodef-gutter--custom qodef-vertical-gutter--custom qodef-col-num--2 qodef-item-layout--standard qodef-pagination--off qodef-responsive--custom qodef-col-num--1512--2 qodef-col-num--1368--2 qodef-col-num--1200--2 qodef-col-num--1024--2 qodef-col-num--880--1 qodef-col-num--680--1 qodef-swiper--show-pagination\" style=\"--qode-gutter-custom: 80px;--qode-vertical-gutter-custom: 160px;--qode-gutter-custom-1512: 80px;--qode-vertical-gutter-custom-1512: 160px;--qode-gutter-custom-1200: 70px;--qode-vertical-gutter-custom-1200: 160px;--qode-gutter-custom-880: 0px;--qode-vertical-gutter-custom-880: 100px;--qode-vertical-gutter-custom-680: 100px\" data-options=\"{&quot;plugin&quot;:&quot;carsten_core&quot;,&quot;module&quot;:&quot;post-types\\\/room\\\/shortcodes&quot;,&quot;shortcode&quot;:&quot;room-list&quot;,&quot;post_type&quot;:&quot;room&quot;,&quot;next_page&quot;:&quot;2&quot;,&quot;max_pages_num&quot;:1,&quot;posts_per_page&quot;:&quot;6&quot;,&quot;orderby&quot;:&quot;date&quot;,&quot;order&quot;:&quot;DESC&quot;,&quot;additional_params&quot;:&quot;tax&quot;,&quot;tax&quot;:&quot;room-category&quot;,&quot;tax_slug&quot;:&quot;facilities&quot;,&quot;behavior&quot;:&quot;columns&quot;,&quot;images_proportion&quot;:&quot;full&quot;,&quot;columns&quot;:&quot;2&quot;,&quot;columns_responsive&quot;:&quot;custom&quot;,&quot;columns_1512&quot;:&quot;2&quot;,&quot;columns_1368&quot;:&quot;2&quot;,&quot;columns_1200&quot;:&quot;2&quot;,&quot;columns_1024&quot;:&quot;2&quot;,&quot;columns_880&quot;:&quot;1&quot;,&quot;columns_680&quot;:&quot;1&quot;,&quot;space&quot;:&quot;custom&quot;,&quot;space_custom&quot;:&quot;80px&quot;,&quot;space_custom_1512&quot;:&quot;80px&quot;,&quot;space_custom_1200&quot;:&quot;70px&quot;,&quot;space_custom_880&quot;:&quot;0px&quot;,&quot;vertical_space&quot;:&quot;custom&quot;,&quot;vertical_space_custom&quot;:&quot;160px&quot;,&quot;vertical_space_custom_1512&quot;:&quot;160px&quot;,&quot;vertical_space_custom_1200&quot;:&quot;160px&quot;,&quot;vertical_space_custom_880&quot;:&quot;100px&quot;,&quot;vertical_space_custom_680&quot;:&quot;100px&quot;,&quot;layout&quot;:&quot;standard&quot;,&quot;title_tag&quot;:&quot;h4&quot;,&quot;excerpt_length&quot;:&quot;158&quot;,&quot;enable_border&quot;:&quot;yes&quot;,&quot;enable_social_share&quot;:&quot;no&quot;,&quot;remove_button&quot;:&quot;no&quot;,&quot;enable_appear_animation&quot;:&quot;no&quot;,&quot;enable_filter&quot;:&quot;no&quot;,&quot;pagination_type&quot;:&quot;no-pagination&quot;,&quot;content_margin_bottom&quot;:&quot;20px&quot;,&quot;object_class_name&quot;:&quot;CarstenCore_Room_List_Shortcode&quot;,&quot;taxonomy_filter&quot;:&quot;room-category&quot;,&quot;additional_query_args&quot;:{&quot;tax_query&quot;:[{&quot;taxonomy&quot;:&quot;room-category&quot;,&quot;field&quot;:&quot;slug&quot;,&quot;terms&quot;:&quot;facilities&quot;}]},&quot;unique&quot;:&quot;1&quot;,&quot;holder_styles&quot;:{&quot;custom&quot;:&quot;--qode-gutter-custom: 80px&quot;,&quot;vertical_custom&quot;:&quot;--qode-vertical-gutter-custom: 160px&quot;,&quot;custom_1512&quot;:&quot;--qode-gutter-custom-1512: 80px&quot;,&quot;vertical_custom_1512&quot;:&quot;--qode-vertical-gutter-custom-1512: 160px&quot;,&quot;custom_1200&quot;:&quot;--qode-gutter-custom-1200: 70px&quot;,&quot;vertical_custom_1200&quot;:&quot;--qode-vertical-gutter-custom-1200: 160px&quot;,&quot;custom_880&quot;:&quot;--qode-gutter-custom-880: 0px&quot;,&quot;vertical_custom_880&quot;:&quot;--qode-vertical-gutter-custom-880: 100px&quot;,&quot;vertical_custom_680&quot;:&quot;--qode-vertical-gutter-custom-680: 100px&quot;},&quot;item_classes&quot;:&quot;qodef-e qodef-room-list-item qodef-grid-item &quot;,&quot;space_value&quot;:30}\">\n        <div class=\"qodef-grid-inner\">\n\t\t\n<div class=\"qodef-e qodef-room-list-item qodef-grid-item qodef-item--full\">\n\t<div class=\"qodef-e-inner\">\n\t\t<div class=\"qodef-e-media\">\n\t\t\t\t<div class=\"qodef-e-media-image\" data-swiper-parallax=\"27%\">\n\t\t<a itemprop=\"url\" href=\"https:\/\/theloomsuiteshuatulco.com\/en\/room\/suite-lumah\/\">\n\t\t\t<img fetchpriority=\"high\" decoding=\"async\" width=\"950\" height=\"671\" src=\"https:\/\/theloomsuiteshuatulco.com\/wp-content\/uploads\/2024\/02\/mediteran-room-list-1-new.jpg\" class=\"attachment-full size-full\" alt=\"w\" srcset=\"https:\/\/theloomsuiteshuatulco.com\/wp-content\/uploads\/2024\/02\/mediteran-room-list-1-new.jpg 950w, https:\/\/theloomsuiteshuatulco.com\/wp-content\/uploads\/2024\/02\/mediteran-room-list-1-new-600x424.jpg 600w, https:\/\/theloomsuiteshuatulco.com\/wp-content\/uploads\/2024\/02\/mediteran-room-list-1-new-300x212.jpg 300w, https:\/\/theloomsuiteshuatulco.com\/wp-content\/uploads\/2024\/02\/mediteran-room-list-1-new-768x542.jpg 768w\" sizes=\"(max-width: 950px) 100vw, 950px\" \/>\t\t<\/a>\n\t<\/div>\n\t\t\t\t<span class=\"qodef-e-price\">\n\t\t<span class=\"qodef-e-price-label\">from<\/span>\n\t\t<span class=\"qodef-e-price-value\">&#36;150<\/span>\n\t<\/span>\n\t\t<\/div>\n\t\t<div class=\"qodef-e-content\" style=\"margin-bottom: 20px\">\n            <div class=\"qodef-e-content-info\">\n                <div class=\"qodef-e-info-items\">\n                        <div class=\"qodef-e-room-size-holder qodef-e-room-info-item\">\n        <span class=\"qodef-e-size-icon\"><svg class=\"qodef-svg--room-size-small\" xmlns=\"http:\/\/www.w3.org\/2000\/svg\" width=\"14.084\" height=\"13\"><g fill=\"none\" stroke=\"currentColor\"><g><path stroke=\"none\" d=\"M4 0h10.084v13H0V4a4 4 0 0 1 4-4Z\"\/><path d=\"M4 .5h9.584v12H.5V4A3.5 3.5 0 0 1 4 .5Z\"\/><\/g><path stroke-linecap=\"round\" stroke-linejoin=\"round\" d=\"M10.579 8.235V3.773H6.117\"\/><\/g><\/svg><\/span>\n        <span class=\"qodef-e-room-size\">89 m2<\/span>\n    <\/div>\n                        <div class=\"qodef-e-capacity-holder qodef-e-room-info-item\">\n        <span class=\"qodef-e-capacity-icon\"><svg class=\"qodef-svg--person-small\"  xmlns=\"http:\/\/www.w3.org\/2000\/svg\" width=\"11\" height=\"12\"><g fill=\"none\"><g stroke-linecap=\"round\" stroke-linejoin=\"round\"><path d=\"M7.992 2.5a2.492 2.492 0 1 1-4.984 0 2.492 2.492 0 1 1 4.984 0Z\"\/><path fill=\"currentColor\" d=\"M5.5 1c-.489 0-.91.164-1.184.461-.233.253-.34.585-.311.96C4.07 3.262 4.77 4 5.5 4c.729 0 1.427-.738 1.495-1.58.03-.368-.08-.697-.315-.953C6.402 1.166 5.983 1 5.5 1m0-1C7 0 8.105 1.094 7.992 2.5 7.881 3.877 6.746 5 5.5 5S3.117 3.877 3.008 2.5C2.895 1.068 3.999 0 5.5 0Z\"\/><\/g><g stroke-miterlimit=\"10\"><path d=\"M5.502 5C3.01 5 .481 7.1.013 11.064c-.056.478.121.936.448.936h10.08c.328 0 .5-.459.448-.936C10.521 7.1 7.992 5 5.502 5Z\"\/><path fill=\"currentColor\" d=\"M5.5 6c-1.01 0-2.002.443-2.79 1.246-.89.905-1.47 2.2-1.684 3.754h8.947c-.214-1.554-.794-2.849-1.683-3.754C7.5 6.443 6.51 6 5.5 6m0-1c2.492 0 5.02 2.1 5.49 6.064.056.477-.121.936-.45.936H.459c-.327 0-.504-.459-.448-.936C.478 7.1 3.007 5 5.5 5Z\"\/><\/g><\/g><\/svg><\/span>\n        <span class=\"qodef-e-capacity\">1-4 person<\/span>\n    <\/div>\n                        <div class=\"qodef-e-beds-holder qodef-e-room-info-item\">\r\n        <span class=\"qodef-e-bed-icon\"><svg class=\"qodef-svg--bed-small-icon\" xmlns=\"http:\/\/www.w3.org\/2000\/svg\" width=\"18\" height=\"13\"><g><g fill=\"none\" stroke=\"currentColor\" ><path stroke-linecap=\"round\" d=\"M17.5 2.5v10\" \/><path stroke-linecap=\"round\" d=\"M.5.5v12\" \/><path d=\"M.5 9.5h17\" \/><path d=\"M.5 6.5h17\" \/><g transform=\"translate(0 3)\"><ellipse cx=\"2.5\" cy=\"2\" stroke=\"none\" rx=\"2.5\" ry=\"2\"\/><ellipse cx=\"2.5\" cy=\"2\" rx=\"2\" ry=\"1.5\"\/><\/g><\/g><\/g><\/svg><\/span>\r\n        <span class=\"qodef-e-beds\">\r\n\t\t\t2            <span class=\"qodef-e-beds-label\">King Beds<\/span>\r\n\t\t<\/span>\r\n    <\/div>\r\n                <\/div>\n                            <\/div>\n\t\t\t<div class=\"qodef-e-content-text\">\n\t\t\t\t<h4 itemprop=\"name\" class=\"qodef-e-title entry-title\" >\n\t<a itemprop=\"url\" href=\"https:\/\/theloomsuiteshuatulco.com\/en\/room\/suite-lumah\/\">\n\t\tSuite Lumah\t<\/a>\n<\/h4>\n\t\t\t\t\t\t<p itemprop=\"description\" class=\"qodef-e-excerpt\">Perfecta para familias o grupos de amigos que desean comodidad y estilo.\r\n<\/p>\n\t\t\t\t\t\t<div class=\"qodef-e-button\">\n\t<a class=\"qodef-shortcode qodef-m qodef-button qodef-layout--outlined qodef-size--normal qodef-html--link\" href=\"https:\/\/theloomsuiteshuatulco.com\/en\/room\/suite-lumah\/\" target=\"_self\" >\t<span class=\"qodef-m-text\">Book Now<\/span><\/a>\t\t<\/div>\n\t\t\t<\/div>\n\t\t<\/div>\n\t<\/div>\n<\/div>\n\n<div class=\"qodef-e qodef-room-list-item qodef-grid-item qodef-item--full\">\n\t<div class=\"qodef-e-inner\">\n\t\t<div class=\"qodef-e-media\">\n\t\t\t\t<div class=\"qodef-e-media-image\" data-swiper-parallax=\"27%\">\n\t\t<a itemprop=\"url\" href=\"https:\/\/theloomsuiteshuatulco.com\/en\/room\/modern-studio\/\">\n\t\t\t<img decoding=\"async\" width=\"900\" height=\"585\" src=\"https:\/\/theloomsuiteshuatulco.com\/wp-content\/uploads\/2023\/11\/room-list-img-1.jpg\" class=\"attachment-full size-full\" alt=\"w\" srcset=\"https:\/\/theloomsuiteshuatulco.com\/wp-content\/uploads\/2023\/11\/room-list-img-1.jpg 900w, https:\/\/theloomsuiteshuatulco.com\/wp-content\/uploads\/2023\/11\/room-list-img-1-600x390.jpg 600w, https:\/\/theloomsuiteshuatulco.com\/wp-content\/uploads\/2023\/11\/room-list-img-1-300x195.jpg 300w, https:\/\/theloomsuiteshuatulco.com\/wp-content\/uploads\/2023\/11\/room-list-img-1-768x499.jpg 768w\" sizes=\"(max-width: 900px) 100vw, 900px\" \/>\t\t<\/a>\n\t<\/div>\n\t\t\t\t<span class=\"qodef-e-price\">\n\t\t<span class=\"qodef-e-price-label\">from<\/span>\n\t\t<span class=\"qodef-e-price-value\">&#36;235<\/span>\n\t<\/span>\n\t\t<\/div>\n\t\t<div class=\"qodef-e-content\" style=\"margin-bottom: 20px\">\n            <div class=\"qodef-e-content-info\">\n                <div class=\"qodef-e-info-items\">\n                        <div class=\"qodef-e-room-size-holder qodef-e-room-info-item\">\n        <span class=\"qodef-e-size-icon\"><svg class=\"qodef-svg--room-size-small\" xmlns=\"http:\/\/www.w3.org\/2000\/svg\" width=\"14.084\" height=\"13\"><g fill=\"none\" stroke=\"currentColor\"><g><path stroke=\"none\" d=\"M4 0h10.084v13H0V4a4 4 0 0 1 4-4Z\"\/><path d=\"M4 .5h9.584v12H.5V4A3.5 3.5 0 0 1 4 .5Z\"\/><\/g><path stroke-linecap=\"round\" stroke-linejoin=\"round\" d=\"M10.579 8.235V3.773H6.117\"\/><\/g><\/svg><\/span>\n        <span class=\"qodef-e-room-size\">52m2<\/span>\n    <\/div>\n                        <div class=\"qodef-e-capacity-holder qodef-e-room-info-item\">\n        <span class=\"qodef-e-capacity-icon\"><svg class=\"qodef-svg--person-small\"  xmlns=\"http:\/\/www.w3.org\/2000\/svg\" width=\"11\" height=\"12\"><g fill=\"none\"><g stroke-linecap=\"round\" stroke-linejoin=\"round\"><path d=\"M7.992 2.5a2.492 2.492 0 1 1-4.984 0 2.492 2.492 0 1 1 4.984 0Z\"\/><path fill=\"currentColor\" d=\"M5.5 1c-.489 0-.91.164-1.184.461-.233.253-.34.585-.311.96C4.07 3.262 4.77 4 5.5 4c.729 0 1.427-.738 1.495-1.58.03-.368-.08-.697-.315-.953C6.402 1.166 5.983 1 5.5 1m0-1C7 0 8.105 1.094 7.992 2.5 7.881 3.877 6.746 5 5.5 5S3.117 3.877 3.008 2.5C2.895 1.068 3.999 0 5.5 0Z\"\/><\/g><g stroke-miterlimit=\"10\"><path d=\"M5.502 5C3.01 5 .481 7.1.013 11.064c-.056.478.121.936.448.936h10.08c.328 0 .5-.459.448-.936C10.521 7.1 7.992 5 5.502 5Z\"\/><path fill=\"currentColor\" d=\"M5.5 6c-1.01 0-2.002.443-2.79 1.246-.89.905-1.47 2.2-1.684 3.754h8.947c-.214-1.554-.794-2.849-1.683-3.754C7.5 6.443 6.51 6 5.5 6m0-1c2.492 0 5.02 2.1 5.49 6.064.056.477-.121.936-.45.936H.459c-.327 0-.504-.459-.448-.936C.478 7.1 3.007 5 5.5 5Z\"\/><\/g><\/g><\/svg><\/span>\n        <span class=\"qodef-e-capacity\">1-5 person<\/span>\n    <\/div>\n                        <div class=\"qodef-e-beds-holder qodef-e-room-info-item\">\r\n        <span class=\"qodef-e-bed-icon\"><svg class=\"qodef-svg--bed-small-icon\" xmlns=\"http:\/\/www.w3.org\/2000\/svg\" width=\"18\" height=\"13\"><g><g fill=\"none\" stroke=\"currentColor\" ><path stroke-linecap=\"round\" d=\"M17.5 2.5v10\" \/><path stroke-linecap=\"round\" d=\"M.5.5v12\" \/><path d=\"M.5 9.5h17\" \/><path d=\"M.5 6.5h17\" \/><g transform=\"translate(0 3)\"><ellipse cx=\"2.5\" cy=\"2\" stroke=\"none\" rx=\"2.5\" ry=\"2\"\/><ellipse cx=\"2.5\" cy=\"2\" rx=\"2\" ry=\"1.5\"\/><\/g><\/g><\/g><\/svg><\/span>\r\n        <span class=\"qodef-e-beds\">\r\n\t\t\t3            <span class=\"qodef-e-beds-label\">King Beds<\/span>\r\n\t\t<\/span>\r\n    <\/div>\r\n                <\/div>\n                            <\/div>\n\t\t\t<div class=\"qodef-e-content-text\">\n\t\t\t\t<h4 itemprop=\"name\" class=\"qodef-e-title entry-title\" >\n\t<a itemprop=\"url\" href=\"https:\/\/theloomsuiteshuatulco.com\/en\/room\/modern-studio\/\">\n\t\tModern Studio\t<\/a>\n<\/h4>\n\t\t\t\t\t\t<p itemprop=\"description\" class=\"qodef-e-excerpt\">Description Soleat legimus albucius qualisque. Cibo aliquam eos ei, nonumy singulis expetendis eu vel. At sit putent antiopam, cu erat tincidunt qui. Has agam<\/p>\n\t\t\t\t\t\t<div class=\"qodef-e-button\">\n\t<a class=\"qodef-shortcode qodef-m qodef-button qodef-layout--outlined qodef-size--normal qodef-html--link\" href=\"https:\/\/theloomsuiteshuatulco.com\/en\/room\/modern-studio\/\" target=\"_self\" >\t<span class=\"qodef-m-text\">Book Now<\/span><\/a>\t\t<\/div>\n\t\t\t<\/div>\n\t\t<\/div>\n\t<\/div>\n<\/div>\n\n<div class=\"qodef-e qodef-room-list-item qodef-grid-item qodef-item--full\">\n\t<div class=\"qodef-e-inner\">\n\t\t<div class=\"qodef-e-media\">\n\t\t\t\t<div class=\"qodef-e-media-image\" data-swiper-parallax=\"27%\">\n\t\t<a itemprop=\"url\" href=\"https:\/\/theloomsuiteshuatulco.com\/en\/room\/royal-suite\/\">\n\t\t\t<img decoding=\"async\" width=\"900\" height=\"585\" src=\"https:\/\/theloomsuiteshuatulco.com\/wp-content\/uploads\/2023\/12\/room-list-img-6.jpg\" class=\"attachment-full size-full\" alt=\"w\" srcset=\"https:\/\/theloomsuiteshuatulco.com\/wp-content\/uploads\/2023\/12\/room-list-img-6.jpg 900w, https:\/\/theloomsuiteshuatulco.com\/wp-content\/uploads\/2023\/12\/room-list-img-6-600x390.jpg 600w, https:\/\/theloomsuiteshuatulco.com\/wp-content\/uploads\/2023\/12\/room-list-img-6-300x195.jpg 300w, https:\/\/theloomsuiteshuatulco.com\/wp-content\/uploads\/2023\/12\/room-list-img-6-768x499.jpg 768w\" sizes=\"(max-width: 900px) 100vw, 900px\" \/>\t\t<\/a>\n\t<\/div>\n\t\t\t\t<span class=\"qodef-e-price\">\n\t\t<span class=\"qodef-e-price-label\">from<\/span>\n\t\t<span class=\"qodef-e-price-value\">&#36;235<\/span>\n\t<\/span>\n\t\t<\/div>\n\t\t<div class=\"qodef-e-content\" style=\"margin-bottom: 20px\">\n            <div class=\"qodef-e-content-info\">\n                <div class=\"qodef-e-info-items\">\n                        <div class=\"qodef-e-room-size-holder qodef-e-room-info-item\">\n        <span class=\"qodef-e-size-icon\"><svg class=\"qodef-svg--room-size-small\" xmlns=\"http:\/\/www.w3.org\/2000\/svg\" width=\"14.084\" height=\"13\"><g fill=\"none\" stroke=\"currentColor\"><g><path stroke=\"none\" d=\"M4 0h10.084v13H0V4a4 4 0 0 1 4-4Z\"\/><path d=\"M4 .5h9.584v12H.5V4A3.5 3.5 0 0 1 4 .5Z\"\/><\/g><path stroke-linecap=\"round\" stroke-linejoin=\"round\" d=\"M10.579 8.235V3.773H6.117\"\/><\/g><\/svg><\/span>\n        <span class=\"qodef-e-room-size\">52m2<\/span>\n    <\/div>\n                        <div class=\"qodef-e-capacity-holder qodef-e-room-info-item\">\n        <span class=\"qodef-e-capacity-icon\"><svg class=\"qodef-svg--person-small\"  xmlns=\"http:\/\/www.w3.org\/2000\/svg\" width=\"11\" height=\"12\"><g fill=\"none\"><g stroke-linecap=\"round\" stroke-linejoin=\"round\"><path d=\"M7.992 2.5a2.492 2.492 0 1 1-4.984 0 2.492 2.492 0 1 1 4.984 0Z\"\/><path fill=\"currentColor\" d=\"M5.5 1c-.489 0-.91.164-1.184.461-.233.253-.34.585-.311.96C4.07 3.262 4.77 4 5.5 4c.729 0 1.427-.738 1.495-1.58.03-.368-.08-.697-.315-.953C6.402 1.166 5.983 1 5.5 1m0-1C7 0 8.105 1.094 7.992 2.5 7.881 3.877 6.746 5 5.5 5S3.117 3.877 3.008 2.5C2.895 1.068 3.999 0 5.5 0Z\"\/><\/g><g stroke-miterlimit=\"10\"><path d=\"M5.502 5C3.01 5 .481 7.1.013 11.064c-.056.478.121.936.448.936h10.08c.328 0 .5-.459.448-.936C10.521 7.1 7.992 5 5.502 5Z\"\/><path fill=\"currentColor\" d=\"M5.5 6c-1.01 0-2.002.443-2.79 1.246-.89.905-1.47 2.2-1.684 3.754h8.947c-.214-1.554-.794-2.849-1.683-3.754C7.5 6.443 6.51 6 5.5 6m0-1c2.492 0 5.02 2.1 5.49 6.064.056.477-.121.936-.45.936H.459c-.327 0-.504-.459-.448-.936C.478 7.1 3.007 5 5.5 5Z\"\/><\/g><\/g><\/svg><\/span>\n        <span class=\"qodef-e-capacity\">1-5 person<\/span>\n    <\/div>\n                        <div class=\"qodef-e-beds-holder qodef-e-room-info-item\">\r\n        <span class=\"qodef-e-bed-icon\"><svg class=\"qodef-svg--bed-small-icon\" xmlns=\"http:\/\/www.w3.org\/2000\/svg\" width=\"18\" height=\"13\"><g><g fill=\"none\" stroke=\"currentColor\" ><path stroke-linecap=\"round\" d=\"M17.5 2.5v10\" \/><path stroke-linecap=\"round\" d=\"M.5.5v12\" \/><path d=\"M.5 9.5h17\" \/><path d=\"M.5 6.5h17\" \/><g transform=\"translate(0 3)\"><ellipse cx=\"2.5\" cy=\"2\" stroke=\"none\" rx=\"2.5\" ry=\"2\"\/><ellipse cx=\"2.5\" cy=\"2\" rx=\"2\" ry=\"1.5\"\/><\/g><\/g><\/g><\/svg><\/span>\r\n        <span class=\"qodef-e-beds\">\r\n\t\t\t3            <span class=\"qodef-e-beds-label\">King Beds<\/span>\r\n\t\t<\/span>\r\n    <\/div>\r\n                <\/div>\n                            <\/div>\n\t\t\t<div class=\"qodef-e-content-text\">\n\t\t\t\t<h4 itemprop=\"name\" class=\"qodef-e-title entry-title\" >\n\t<a itemprop=\"url\" href=\"https:\/\/theloomsuiteshuatulco.com\/en\/room\/royal-suite\/\">\n\t\tRoyal Suite\t<\/a>\n<\/h4>\n\t\t\t\t\t\t<p itemprop=\"description\" class=\"qodef-e-excerpt\">Description Soleat legimus albucius qualisque. Cibo aliquam eos ei, nonumy singulis expetendis eu vel. At sit putent antiopam, cu erat tincidunt qui. Has agam<\/p>\n\t\t\t\t\t\t<div class=\"qodef-e-button\">\n\t<a class=\"qodef-shortcode qodef-m qodef-button qodef-layout--outlined qodef-size--normal qodef-html--link\" href=\"https:\/\/theloomsuiteshuatulco.com\/en\/room\/royal-suite\/\" target=\"_self\" >\t<span class=\"qodef-m-text\">Book Now<\/span><\/a>\t\t<\/div>\n\t\t\t<\/div>\n\t\t<\/div>\n\t<\/div>\n<\/div>\n\n<div class=\"qodef-e qodef-room-list-item qodef-grid-item qodef-item--full\">\n\t<div class=\"qodef-e-inner\">\n\t\t<div class=\"qodef-e-media\">\n\t\t\t\t<div class=\"qodef-e-media-image\" data-swiper-parallax=\"27%\">\n\t\t<a itemprop=\"url\" href=\"https:\/\/theloomsuiteshuatulco.com\/en\/room\/deluxe-room\/\">\n\t\t\t<img loading=\"lazy\" decoding=\"async\" width=\"900\" height=\"585\" src=\"https:\/\/theloomsuiteshuatulco.com\/wp-content\/uploads\/2023\/12\/room-list-img-3.jpg\" class=\"attachment-full size-full\" alt=\"w\" srcset=\"https:\/\/theloomsuiteshuatulco.com\/wp-content\/uploads\/2023\/12\/room-list-img-3.jpg 900w, https:\/\/theloomsuiteshuatulco.com\/wp-content\/uploads\/2023\/12\/room-list-img-3-600x390.jpg 600w, https:\/\/theloomsuiteshuatulco.com\/wp-content\/uploads\/2023\/12\/room-list-img-3-300x195.jpg 300w, https:\/\/theloomsuiteshuatulco.com\/wp-content\/uploads\/2023\/12\/room-list-img-3-768x499.jpg 768w\" sizes=\"(max-width: 900px) 100vw, 900px\" \/>\t\t<\/a>\n\t<\/div>\n\t\t\t\t<span class=\"qodef-e-price\">\n\t\t<span class=\"qodef-e-price-label\">from<\/span>\n\t\t<span class=\"qodef-e-price-value\">&#36;235<\/span>\n\t<\/span>\n\t\t<\/div>\n\t\t<div class=\"qodef-e-content\" style=\"margin-bottom: 20px\">\n            <div class=\"qodef-e-content-info\">\n                <div class=\"qodef-e-info-items\">\n                        <div class=\"qodef-e-room-size-holder qodef-e-room-info-item\">\n        <span class=\"qodef-e-size-icon\"><svg class=\"qodef-svg--room-size-small\" xmlns=\"http:\/\/www.w3.org\/2000\/svg\" width=\"14.084\" height=\"13\"><g fill=\"none\" stroke=\"currentColor\"><g><path stroke=\"none\" d=\"M4 0h10.084v13H0V4a4 4 0 0 1 4-4Z\"\/><path d=\"M4 .5h9.584v12H.5V4A3.5 3.5 0 0 1 4 .5Z\"\/><\/g><path stroke-linecap=\"round\" stroke-linejoin=\"round\" d=\"M10.579 8.235V3.773H6.117\"\/><\/g><\/svg><\/span>\n        <span class=\"qodef-e-room-size\">52m2<\/span>\n    <\/div>\n                        <div class=\"qodef-e-capacity-holder qodef-e-room-info-item\">\n        <span class=\"qodef-e-capacity-icon\"><svg class=\"qodef-svg--person-small\"  xmlns=\"http:\/\/www.w3.org\/2000\/svg\" width=\"11\" height=\"12\"><g fill=\"none\"><g stroke-linecap=\"round\" stroke-linejoin=\"round\"><path d=\"M7.992 2.5a2.492 2.492 0 1 1-4.984 0 2.492 2.492 0 1 1 4.984 0Z\"\/><path fill=\"currentColor\" d=\"M5.5 1c-.489 0-.91.164-1.184.461-.233.253-.34.585-.311.96C4.07 3.262 4.77 4 5.5 4c.729 0 1.427-.738 1.495-1.58.03-.368-.08-.697-.315-.953C6.402 1.166 5.983 1 5.5 1m0-1C7 0 8.105 1.094 7.992 2.5 7.881 3.877 6.746 5 5.5 5S3.117 3.877 3.008 2.5C2.895 1.068 3.999 0 5.5 0Z\"\/><\/g><g stroke-miterlimit=\"10\"><path d=\"M5.502 5C3.01 5 .481 7.1.013 11.064c-.056.478.121.936.448.936h10.08c.328 0 .5-.459.448-.936C10.521 7.1 7.992 5 5.502 5Z\"\/><path fill=\"currentColor\" d=\"M5.5 6c-1.01 0-2.002.443-2.79 1.246-.89.905-1.47 2.2-1.684 3.754h8.947c-.214-1.554-.794-2.849-1.683-3.754C7.5 6.443 6.51 6 5.5 6m0-1c2.492 0 5.02 2.1 5.49 6.064.056.477-.121.936-.45.936H.459c-.327 0-.504-.459-.448-.936C.478 7.1 3.007 5 5.5 5Z\"\/><\/g><\/g><\/svg><\/span>\n        <span class=\"qodef-e-capacity\">1-5 person<\/span>\n    <\/div>\n                        <div class=\"qodef-e-beds-holder qodef-e-room-info-item\">\r\n        <span class=\"qodef-e-bed-icon\"><svg class=\"qodef-svg--bed-small-icon\" xmlns=\"http:\/\/www.w3.org\/2000\/svg\" width=\"18\" height=\"13\"><g><g fill=\"none\" stroke=\"currentColor\" ><path stroke-linecap=\"round\" d=\"M17.5 2.5v10\" \/><path stroke-linecap=\"round\" d=\"M.5.5v12\" \/><path d=\"M.5 9.5h17\" \/><path d=\"M.5 6.5h17\" \/><g transform=\"translate(0 3)\"><ellipse cx=\"2.5\" cy=\"2\" stroke=\"none\" rx=\"2.5\" ry=\"2\"\/><ellipse cx=\"2.5\" cy=\"2\" rx=\"2\" ry=\"1.5\"\/><\/g><\/g><\/g><\/svg><\/span>\r\n        <span class=\"qodef-e-beds\">\r\n\t\t\t3            <span class=\"qodef-e-beds-label\">King Beds<\/span>\r\n\t\t<\/span>\r\n    <\/div>\r\n                <\/div>\n                            <\/div>\n\t\t\t<div class=\"qodef-e-content-text\">\n\t\t\t\t<h4 itemprop=\"name\" class=\"qodef-e-title entry-title\" >\n\t<a itemprop=\"url\" href=\"https:\/\/theloomsuiteshuatulco.com\/en\/room\/deluxe-room\/\">\n\t\tDeluxe Room\t<\/a>\n<\/h4>\n\t\t\t\t\t\t<p itemprop=\"description\" class=\"qodef-e-excerpt\">Description Soleat legimus albucius qualisque. Cibo aliquam eos ei, nonumy singulis expetendis eu vel. At sit putent antiopam, cu erat tincidunt qui. Has agam<\/p>\n\t\t\t\t\t\t<div class=\"qodef-e-button\">\n\t<a class=\"qodef-shortcode qodef-m qodef-button qodef-layout--outlined qodef-size--normal qodef-html--link\" href=\"https:\/\/theloomsuiteshuatulco.com\/en\/room\/deluxe-room\/\" target=\"_self\" >\t<span class=\"qodef-m-text\">Book Now<\/span><\/a>\t\t<\/div>\n\t\t\t<\/div>\n\t\t<\/div>\n\t<\/div>\n<\/div>\n\t<\/div>\n\t<\/div>\n\t\t\t\t<\/div>\n\t\t\t\t<\/div>\n\t\t\t\t<\/div>\n\t\t\t\t<\/div>\n\t\t\t\t<\/div>","protected":false},"excerpt":{"rendered":"<p>En\u00a0The Loom Suites Huatulco, hemos creado tres espacios boutique, cada uno con identidad propia. Kaia, Lumah y Amanai\u00a0combinan dise\u00f1o contempor\u00e1neo, funcionalidad y calidez, adapt\u00e1ndose a tu estilo de viaje: desde una escapada \u00edntima en pareja hasta estancias familiares inolvidables. from $235 52m2 1-5 person 3 King Beds Family Room Description Soleat legimus albucius qualisque. Cibo [&hellip;]<\/p>","protected":false},"author":1,"featured_media":0,"parent":0,"menu_order":0,"comment_status":"closed","ping_status":"closed","template":"page-full-width.php","meta":{"footnotes":""},"class_list":["post-12682","page","type-page","status-publish","hentry"],"_links":{"self":[{"href":"https:\/\/theloomsuiteshuatulco.com\/en\/wp-json\/wp\/v2\/pages\/12682","targetHints":{"allow":["GET"]}}],"collection":[{"href":"https:\/\/theloomsuiteshuatulco.com\/en\/wp-json\/wp\/v2\/pages"}],"about":[{"href":"https:\/\/theloomsuiteshuatulco.com\/en\/wp-json\/wp\/v2\/types\/page"}],"author":[{"embeddable":true,"href":"https:\/\/theloomsuiteshuatulco.com\/en\/wp-json\/wp\/v2\/users\/1"}],"replies":[{"embeddable":true,"href":"https:\/\/theloomsuiteshuatulco.com\/en\/wp-json\/wp\/v2\/comments?post=12682"}],"version-history":[{"count":0,"href":"https:\/\/theloomsuiteshuatulco.com\/en\/wp-json\/wp\/v2\/pages\/12682\/revisions"}],"wp:attachment":[{"href":"https:\/\/theloomsuiteshuatulco.com\/en\/wp-json\/wp\/v2\/media?parent=12682"}],"curies":[{"name":"wp","href":"https:\/\/api.w.org\/{rel}","templated":true}]}}