{"id":12696,"date":"2025-08-17T21:44:51","date_gmt":"2025-08-17T21:44:51","guid":{"rendered":"https:\/\/theloomsuiteshuatulco.com\/?page_id=12696"},"modified":"2025-08-17T22:29:09","modified_gmt":"2025-08-17T22:29:09","slug":"ubicacion","status":"publish","type":"page","link":"https:\/\/theloomsuiteshuatulco.com\/en\/ubicacion\/","title":{"rendered":"Ubicaci\u00f3n Privilegiada"},"content":{"rendered":"<div data-elementor-type=\"wp-page\" data-elementor-id=\"12696\" class=\"elementor elementor-12696\">\n\t\t\t\t<div class=\"elementor-element elementor-element-f7c7169 e-con-full e-flex e-con e-parent\" data-id=\"f7c7169\" data-element_type=\"container\" data-settings=\"{&quot;background_background&quot;:&quot;classic&quot;}\">\n\t\t\t\t<\/div>\n\t\t<div class=\"elementor-element elementor-element-638779f e-con-full e-flex e-con e-parent\" data-id=\"638779f\" data-element_type=\"container\">\n\t\t<div class=\"elementor-element elementor-element-bb2b35d e-con-full qodef-elementor-content-grid e-flex e-con e-child\" data-id=\"bb2b35d\" data-element_type=\"container\">\n\t\t<div class=\"elementor-element elementor-element-cfe784b e-con-full e-flex e-con e-child\" data-id=\"cfe784b\" data-element_type=\"container\">\n\t\t\t\t<div class=\"elementor-element elementor-element-088b803 elementor-widget elementor-widget-carsten_core_single_image\" data-id=\"088b803\" data-element_type=\"widget\" data-widget_type=\"carsten_core_single_image.default\">\n\t\t\t\t<div class=\"elementor-widget-container\">\n\t\t\t\t\t<div class=\"qodef-shortcode qodef-m qodef-single-image qodef-layout--default\"  >\n\t\t\t<div class=\"qodef-m-image\">\n\t\t\t\t\t\t\t\t<div class=\"qodef-m-image-inner-holder\">\n\t\t\t\t\t\t<div class=\"qodef-m-image-inner\">\n\t\t\t\t\t\t\t<img fetchpriority=\"high\" decoding=\"async\" width=\"408\" height=\"272\" src=\"https:\/\/theloomsuiteshuatulco.com\/wp-content\/uploads\/2025\/08\/unnamed.jpg\" class=\"attachment-full size-full\" alt=\"\" srcset=\"https:\/\/theloomsuiteshuatulco.com\/wp-content\/uploads\/2025\/08\/unnamed.jpg 408w, https:\/\/theloomsuiteshuatulco.com\/wp-content\/uploads\/2025\/08\/unnamed-300x200.jpg 300w\" sizes=\"(max-width: 408px) 100vw, 408px\" \/>\t\t\t\t\t\t<\/div>\n\t\t\t\t\t<\/div>\n\t\t\t\t\t\t\t<\/div>\n\t<\/div>\n\t\t\t\t<\/div>\n\t\t\t\t<\/div>\n\t\t\t\t<div class=\"elementor-element elementor-element-160afa3 elementor-widget elementor-widget-carsten_core_section_title\" data-id=\"160afa3\" data-element_type=\"widget\" data-widget_type=\"carsten_core_section_title.default\">\n\t\t\t\t<div class=\"elementor-widget-container\">\n\t\t\t\t\t<div class=\"qodef-shortcode qodef-m qodef-section-title qodef-alignment--left\">\n\t\t<h5 class=\"qodef-m-title\" style=\"color: #091733\">\n\t\t\t\t\tC\u00f3mo Llegar\t\t\t<\/h5>\n\t\t\t<p class=\"qodef-m-text\" style=\"margin-top: 7px\">Uidem nunc at hic occidas quo minim wisi si est triduo dolore mulier. Diam partibus.<\/p>\n<\/div>\n\t\t\t\t<\/div>\n\t\t\t\t<\/div>\n\t\t\t\t<\/div>\n\t\t<div class=\"elementor-element elementor-element-9c085fc e-con-full e-flex e-con e-child\" data-id=\"9c085fc\" data-element_type=\"container\">\n\t\t\t\t<div class=\"elementor-element elementor-element-d18310d elementor-widget elementor-widget-carsten_core_section_title\" data-id=\"d18310d\" data-element_type=\"widget\" data-widget_type=\"carsten_core_section_title.default\">\n\t\t\t\t<div class=\"elementor-widget-container\">\n\t\t\t\t\t<div class=\"qodef-shortcode qodef-m qodef-section-title qodef-alignment--left\">\n\t\t<h2 class=\"qodef-m-title\" >\n\t\t\t\t\tUbicaci\u00f3n Privilegiada\t\t\t<\/h2>\n\t\t<\/div>\n\t\t\t\t<\/div>\n\t\t\t\t<\/div>\n\t\t\t\t<div class=\"elementor-element elementor-element-c138bce elementor-widget elementor-widget-text-editor\" data-id=\"c138bce\" data-element_type=\"widget\" data-widget_type=\"text-editor.default\">\n\t\t\t\t\t\t\t\t\t<p><b>The Loom Suites Huatulco<\/b><\/p>\t\t\t\t\t\t\t\t<\/div>\n\t\t\t\t<div class=\"elementor-element elementor-element-9f5747d elementor-widget elementor-widget-text-editor\" data-id=\"9f5747d\" data-element_type=\"widget\" data-widget_type=\"text-editor.default\">\n\t\t\t\t\t\t\t\t\t<ul><li style=\"font-weight: 400;\" aria-level=\"1\"><span style=\"font-weight: 400;\">Sobre el andador tur\u00edstico que conecta\u00a0<\/span><b>Bah\u00eda de Santa Cruz<\/b><span style=\"font-weight: 400;\">\u00a0con\u00a0<\/span><b>La Crucecita<\/b><\/li><li style=\"font-weight: 400;\" aria-level=\"1\"><span style=\"font-weight: 400;\">Frente al deportivo municipal, sede de torneos de pickleball<\/span><\/li><li style=\"font-weight: 400;\" aria-level=\"1\"><span style=\"font-weight: 400;\">A solo 10 minutos caminando de la playa<\/span><\/li><li style=\"font-weight: 400;\" aria-level=\"1\"><span style=\"font-weight: 400;\">Cerca de restaurantes, caf\u00e9s, tiendas y vida cultural local<\/span><\/li><li style=\"font-weight: 400;\" aria-level=\"1\"><span style=\"font-weight: 400;\">Entorno seguro y peatonal<\/span><\/li><\/ul>\t\t\t\t\t\t\t\t<\/div>\n\t\t\t\t<div class=\"elementor-element elementor-element-c6dcee3 elementor-widget elementor-widget-carsten_core_section_title\" data-id=\"c6dcee3\" data-element_type=\"widget\" data-widget_type=\"carsten_core_section_title.default\">\n\t\t\t\t<div class=\"elementor-widget-container\">\n\t\t\t\t\t<div class=\"qodef-shortcode qodef-m qodef-section-title qodef-alignment--left\">\n\t\t<h4 class=\"qodef-m-title\" >\n\t\t\t\t\tExplora Huatulco\t\t\t<\/h4>\n\t\t<\/div>\n\t\t\t\t<\/div>\n\t\t\t\t<\/div>\n\t\t\t\t<div class=\"elementor-element elementor-element-12902b6 elementor-widget elementor-widget-text-editor\" data-id=\"12902b6\" data-element_type=\"widget\" data-widget_type=\"text-editor.default\">\n\t\t\t\t\t\t\t\t\t<p><span style=\"font-weight: 400;\">Desde The Loom Suites, est\u00e1s en el punto perfecto para descubrir todo lo que hace \u00fanico a Huatulco:<\/span><\/p><ul><li><span style=\"font-weight: 400;\">Playas: Santa Cruz, Maguey, San Agust\u00edn, La Entrega<\/span><\/li><li><span style=\"font-weight: 400;\">Tours en lancha: bah\u00edas escondidas, snorkel y avistamiento de fauna marina<\/span><\/li><li><span style=\"font-weight: 400;\">Ecoturismo: cascadas, senderismo y la ruta del caf\u00e9<\/span><\/li><li><span style=\"font-weight: 400;\">Gastronom\u00eda: mariscos frescos, mezcal artesanal y cocina oaxaque\u00f1a<\/span><\/li><li><span style=\"font-weight: 400;\">Actividades acu\u00e1ticas: paddle board, buceo y pesca deportiva<\/span><\/li><li><span style=\"font-weight: 400;\">Bienestar: temazcal, masajes y spa<\/span><\/li><\/ul>\t\t\t\t\t\t\t\t<\/div>\n\t\t\t\t<\/div>\n\t\t\t\t<\/div>\n\t\t\t\t<\/div>\n\t\t<div class=\"elementor-element elementor-element-763e447 e-flex e-con-boxed e-con e-parent\" data-id=\"763e447\" data-element_type=\"container\">\n\t\t\t\t\t<div class=\"e-con-inner\">\n\t\t\t\t<div class=\"elementor-element elementor-element-3e4abd7 elementor-widget__width-inherit elementor-widget elementor-widget-google_maps\" data-id=\"3e4abd7\" data-element_type=\"widget\" data-widget_type=\"google_maps.default\">\n\t\t\t\t\t\t\t<div class=\"elementor-custom-embed\">\n\t\t\t<iframe loading=\"lazy\"\n\t\t\t\t\tsrc=\"https:\/\/maps.google.com\/maps?q=Huatulco&#038;t=m&#038;z=8&#038;output=embed&#038;iwloc=near\"\n\t\t\t\t\ttitle=\"Huatulco\"\n\t\t\t\t\taria-label=\"Huatulco\"\n\t\t\t><\/iframe>\n\t\t<\/div>\n\t\t\t\t\t\t<\/div>\n\t\t\t\t\t<\/div>\n\t\t\t\t<\/div>\n\t\t\t\t<\/div>","protected":false},"excerpt":{"rendered":"<p>C\u00f3mo Llegar Uidem nunc at hic occidas quo minim wisi si est triduo dolore mulier. Diam partibus. Ubicaci\u00f3n Privilegiada The Loom Suites Huatulco Sobre el andador tur\u00edstico que conecta\u00a0Bah\u00eda de Santa Cruz\u00a0con\u00a0La Crucecita Frente al deportivo municipal, sede de torneos de pickleball A solo 10 minutos caminando de la playa Cerca de restaurantes, caf\u00e9s, tiendas [&hellip;]<\/p>","protected":false},"author":1,"featured_media":12638,"parent":0,"menu_order":0,"comment_status":"closed","ping_status":"closed","template":"page-full-width.php","meta":{"footnotes":""},"class_list":["post-12696","page","type-page","status-publish","has-post-thumbnail","hentry"],"_links":{"self":[{"href":"https:\/\/theloomsuiteshuatulco.com\/en\/wp-json\/wp\/v2\/pages\/12696","targetHints":{"allow":["GET"]}}],"collection":[{"href":"https:\/\/theloomsuiteshuatulco.com\/en\/wp-json\/wp\/v2\/pages"}],"about":[{"href":"https:\/\/theloomsuiteshuatulco.com\/en\/wp-json\/wp\/v2\/types\/page"}],"author":[{"embeddable":true,"href":"https:\/\/theloomsuiteshuatulco.com\/en\/wp-json\/wp\/v2\/users\/1"}],"replies":[{"embeddable":true,"href":"https:\/\/theloomsuiteshuatulco.com\/en\/wp-json\/wp\/v2\/comments?post=12696"}],"version-history":[{"count":0,"href":"https:\/\/theloomsuiteshuatulco.com\/en\/wp-json\/wp\/v2\/pages\/12696\/revisions"}],"wp:featuredmedia":[{"embeddable":true,"href":"https:\/\/theloomsuiteshuatulco.com\/en\/wp-json\/wp\/v2\/media\/12638"}],"wp:attachment":[{"href":"https:\/\/theloomsuiteshuatulco.com\/en\/wp-json\/wp\/v2\/media?parent=12696"}],"curies":[{"name":"wp","href":"https:\/\/api.w.org\/{rel}","templated":true}]}}