{"id":12741,"date":"2025-08-17T22:53:11","date_gmt":"2025-08-17T22:53:11","guid":{"rendered":"https:\/\/theloomsuiteshuatulco.com\/?page_id=12741"},"modified":"2025-08-17T23:06:24","modified_gmt":"2025-08-17T23:06:24","slug":"conocenos","status":"publish","type":"page","link":"https:\/\/theloomsuiteshuatulco.com\/en\/conocenos\/","title":{"rendered":"Bienvenido a The Loom Suites Huatulco, by Jez &#038; Eli"},"content":{"rendered":"<div data-elementor-type=\"wp-page\" data-elementor-id=\"12741\" class=\"elementor elementor-12741\">\n\t\t\t\t<div class=\"elementor-element elementor-element-3a42dd8 e-con-full e-flex e-con e-parent\" data-id=\"3a42dd8\" data-element_type=\"container\">\n\t\t<div class=\"elementor-element elementor-element-3cbbdcb e-con-full e-flex e-con e-child\" data-id=\"3cbbdcb\" data-element_type=\"container\" data-settings=\"{&quot;background_background&quot;:&quot;classic&quot;}\">\n\t\t<div class=\"elementor-element elementor-element-262cbe4 e-con-full qodef-elementor-content-grid e-flex e-con e-child\" data-id=\"262cbe4\" data-element_type=\"container\" data-settings=\"{&quot;background_background&quot;:&quot;classic&quot;}\">\n\t\t<div class=\"elementor-element elementor-element-9e982da e-con-full e-flex e-con e-child\" data-id=\"9e982da\" data-element_type=\"container\">\n\t\t<div class=\"elementor-element elementor-element-f798541 e-con-full e-flex e-con e-child\" data-id=\"f798541\" data-element_type=\"container\">\n\t\t\t\t<div class=\"elementor-element elementor-element-568012d elementor-widget__width-initial elementor-widget elementor-widget-carsten_core_section_title\" data-id=\"568012d\" data-element_type=\"widget\" data-widget_type=\"carsten_core_section_title.default\">\n\t\t\t\t<div class=\"elementor-widget-container\">\n\t\t\t\t\t<div class=\"qodef-shortcode qodef-m qodef-section-title qodef-alignment--left\">\n\t\t<h3 class=\"qodef-m-title\" >\n\t\t\t\t\tBienvenidos a The Loom Suites Huatulco, by Jez &amp; Eli\t\t\t<\/h3>\n\t\t<p class=\"qodef-m-subtitle\" style=\"margin-top: 17px;color: #0D1A33\">Entre el azul del mar y la tranquilidad de la monta\u00f1a<\/p>\n\t<\/div>\n\t\t\t\t<\/div>\n\t\t\t\t<\/div>\n\t\t\t\t<\/div>\n\t\t\t\t<div class=\"elementor-element elementor-element-69bbfb4 elementor-widget elementor-widget-text-editor\" data-id=\"69bbfb4\" data-element_type=\"widget\" data-widget_type=\"text-editor.default\">\n\t\t\t\t\t\t\t\t\t<p><span style=\"font-weight: 400;\">En The Loom Suites Huatulco, cada detalle est\u00e1 pensado para que tu estancia sea \u00fanica: privacidad, comodidad y una conexi\u00f3n aut\u00e9ntica con el para\u00edso.<\/span><\/p><p><span style=\"font-weight: 400;\">Ubicados en el coraz\u00f3n de Bah\u00edas de Huatulco, sobre el andador tur\u00edstico que conecta <\/span><b>Santa Cruz<\/b><span style=\"font-weight: 400;\">\u00a0con\u00a0<\/span><b>La Crucecita<\/b><span style=\"font-weight: 400;\">, aqu\u00ed podr\u00e1s caminar a la playa, descubrir la vibrante escena gastron\u00f3mica local y disfrutar de la seguridad y tranquilidad de un entorno peatonal.<\/span><\/p>\t\t\t\t\t\t\t\t<\/div>\n\t\t\t\t<div class=\"elementor-element elementor-element-b35caba elementor-widget__width-initial elementor-widget elementor-widget-carsten_core_section_title\" data-id=\"b35caba\" data-element_type=\"widget\" data-widget_type=\"carsten_core_section_title.default\">\n\t\t\t\t<div class=\"elementor-widget-container\">\n\t\t\t\t\t<div class=\"qodef-shortcode qodef-m qodef-section-title qodef-alignment--left\">\n\t\t<h5 class=\"qodef-m-title\" >\n\t\t\t\t\tCon\u00f3cenos \u2013 Jez &amp; Eli\t\t\t<\/h5>\n\t\t<\/div>\n\t\t\t\t<\/div>\n\t\t\t\t<\/div>\n\t\t\t\t<div class=\"elementor-element elementor-element-6cdb48f elementor-widget elementor-widget-text-editor\" data-id=\"6cdb48f\" data-element_type=\"widget\" data-widget_type=\"text-editor.default\">\n\t\t\t\t\t\t\t\t\t<p><span style=\"font-weight: 400;\">En The Loom Suites Huatulco no solo encontrar\u00e1s un lugar para hospedarte: vivir\u00e1s una experiencia creada con dedicaci\u00f3n y detalles pensados para ti.<\/span><\/p><p><span style=\"font-weight: 400;\">Somos Jez y Eli, dos apasionadas de los viajes, el dise\u00f1o y la hospitalidad. Despu\u00e9s de enamorarnos de Huatulco, decidimos crear un espacio donde cada hu\u00e9sped pueda sentirse como en casa, rodeado de lujo discreto, naturaleza y calidez humana.<\/span><\/p><p><span style=\"font-weight: 400;\">Nuestro compromiso es simple:<\/span><span style=\"font-weight: 400;\"><br \/><\/span><span style=\"font-weight: 400;\">\u2022 Atenderte de manera personalizada<\/span><span style=\"font-weight: 400;\"><br \/><\/span><span style=\"font-weight: 400;\">\u2022 Brindarte recomendaciones locales que solo un residente conoce<\/span><span style=\"font-weight: 400;\"><br \/><\/span><span style=\"font-weight: 400;\">\u2022 Cuidar cada detalle de tu estancia para que sea inolvidable<\/span><\/p><p><span style=\"font-weight: 400;\">Bienvenido a un lugar donde hospitalidad y confort se encuentran:\u00a0<\/span><b>The Loom Suites Huatulco, by Jez &amp; Eli<\/b><span style=\"font-weight: 400;\">.<\/span><\/p>\t\t\t\t\t\t\t\t<\/div>\n\t\t<div class=\"elementor-element elementor-element-9e7e6dd e-con-full e-flex e-con e-child\" data-id=\"9e7e6dd\" data-element_type=\"container\">\n\t\t\t\t<\/div>\n\t\t\t\t<\/div>\n\t\t<div class=\"elementor-element elementor-element-ec33246 e-con-full e-flex e-con e-child\" data-id=\"ec33246\" data-element_type=\"container\">\n\t\t<div class=\"elementor-element elementor-element-92cbff4 e-con-full e-flex e-con e-child\" data-id=\"92cbff4\" data-element_type=\"container\" data-settings=\"{&quot;background_background&quot;:&quot;classic&quot;}\">\n\t\t\t\t<\/div>\n\t\t\t\t<\/div>\n\t\t\t\t<\/div>\n\t\t\t\t<\/div>\n\t\t\t\t<\/div>\n\t\t\t\t<\/div>","protected":false},"excerpt":{"rendered":"<p>Bienvenidos a The Loom Suites Huatulco, by Jez &amp; Eli Entre el azul del mar y la tranquilidad de la monta\u00f1a En The Loom Suites Huatulco, cada detalle est\u00e1 pensado para que tu estancia sea \u00fanica: privacidad, comodidad y una conexi\u00f3n aut\u00e9ntica con el para\u00edso. Ubicados en el coraz\u00f3n de Bah\u00edas de Huatulco, sobre el [&hellip;]<\/p>","protected":false},"author":1,"featured_media":12107,"parent":0,"menu_order":0,"comment_status":"closed","ping_status":"closed","template":"page-full-width.php","meta":{"footnotes":""},"class_list":["post-12741","page","type-page","status-publish","has-post-thumbnail","hentry"],"_links":{"self":[{"href":"https:\/\/theloomsuiteshuatulco.com\/en\/wp-json\/wp\/v2\/pages\/12741","targetHints":{"allow":["GET"]}}],"collection":[{"href":"https:\/\/theloomsuiteshuatulco.com\/en\/wp-json\/wp\/v2\/pages"}],"about":[{"href":"https:\/\/theloomsuiteshuatulco.com\/en\/wp-json\/wp\/v2\/types\/page"}],"author":[{"embeddable":true,"href":"https:\/\/theloomsuiteshuatulco.com\/en\/wp-json\/wp\/v2\/users\/1"}],"replies":[{"embeddable":true,"href":"https:\/\/theloomsuiteshuatulco.com\/en\/wp-json\/wp\/v2\/comments?post=12741"}],"version-history":[{"count":0,"href":"https:\/\/theloomsuiteshuatulco.com\/en\/wp-json\/wp\/v2\/pages\/12741\/revisions"}],"wp:featuredmedia":[{"embeddable":true,"href":"https:\/\/theloomsuiteshuatulco.com\/en\/wp-json\/wp\/v2\/media\/12107"}],"wp:attachment":[{"href":"https:\/\/theloomsuiteshuatulco.com\/en\/wp-json\/wp\/v2\/media?parent=12741"}],"curies":[{"name":"wp","href":"https:\/\/api.w.org\/{rel}","templated":true}]}}